{"id":2198,"date":"2019-08-06T12:38:09","date_gmt":"2019-08-06T09:38:09","guid":{"rendered":"https:\/\/lyy.fi\/?page_id=2198"},"modified":"2021-05-27T10:56:01","modified_gmt":"2021-05-27T07:56:01","slug":"association-work","status":"publish","type":"page","link":"https:\/\/lyy.iwn.co\/en\/association-work\/","title":{"rendered":"Associations"},"content":{"rendered":"\n<p><strong>Guess what enriches the student life? Association work! <\/strong><\/p>\n\n\n\n<p>Student Union of the University of Lapland cooperates with a bunch of associations representing for instance a major subject, a political ideology or a free time activity. Which associations do you like? You can get to know the associations from the section called \u201dAssociations\u201d. LYY supports association work by giving financial aid and offering education to association workers. We are always ready to help even in the most complicated situations! <\/p>\n\n\n\n<p>More information on associations from the Adviser of Organizations and Communications, <a href=\"mailto:jarjestoasiantuntija@lyy.fi\">jarjestoasiantuntija(at)lyy.fi<\/a>.\u00a0\u00a0<\/p>\n\n\n\n<div style=\"background-color:#000000;text-align:left\" class=\"wp-block-atomic-blocks-ab-cta ab-block-cta\"><div class=\"ab-cta-image-wrap\"><img decoding=\"async\" class=\"ab-cta-image has-background-dim\" src=\"https:\/\/lyy.iwn.co\/wp-content\/uploads\/2020\/02\/tuudo2.jpg\" alt=\"\"\/><\/div><div class=\"ab-cta-content\"><h2 class=\"ab-cta-title ab-font-size-32\" style=\"color:#ffffff\">Associations<\/h2><div class=\"ab-cta-text ab-font-size-32\" style=\"color:#ffffff\"><p>Get to know the associations!<\/p><\/div><\/div><div class=\"ab-cta-button\"><a href=\"https:\/\/lyy.iwn.co\/en\/association-work\/associations\/\" target=\"_self\" rel=\"noopener noreferrer\" class=\"ab-button ab-button-shape-rounded ab-button-size-medium\" style=\"color:#000000;background-color:#ffffff\">About associations<\/a><\/div><\/div>\n\n\n\n<div style=\"background-color:#000000;text-align:left\" class=\"wp-block-atomic-blocks-ab-cta ab-block-cta\"><div class=\"ab-cta-image-wrap\"><img decoding=\"async\" class=\"ab-cta-image has-background-dim\" src=\"https:\/\/lyy.iwn.co\/wp-content\/uploads\/2019\/07\/3.1.4.1..jpg\" alt=\"\"\/><\/div><div class=\"ab-cta-content\"><h2 class=\"ab-cta-title ab-font-size-32\" style=\"color:#ffffff\">Association services<\/h2><div class=\"ab-cta-text ab-font-size-32\" style=\"color:#ffffff\"><p>LYY offers many services to associations<\/p><\/div><\/div><div class=\"ab-cta-button\"><a href=\"https:\/\/lyy.iwn.co\/en\/association-work\/the-services-for-associations\/\" target=\"_self\" rel=\"noopener noreferrer\" class=\"ab-button ab-button-shape-rounded ab-button-size-medium\" style=\"color:#000000;background-color:#ffffff\">Association services<\/a><\/div><\/div>\n\n\n\n<div style=\"background-color:#000000;text-align:left\" class=\"wp-block-atomic-blocks-ab-cta ab-block-cta\"><div class=\"ab-cta-image-wrap\"><img decoding=\"async\" class=\"ab-cta-image has-background-dim\" src=\"https:\/\/lyy.iwn.co\/wp-content\/uploads\/2020\/02\/tuudo2.jpg\" alt=\"\"\/><\/div><div class=\"ab-cta-content\"><h2 class=\"ab-cta-title ab-font-size-32\" style=\"color:#ffffff\">Association guide<\/h2><div class=\"ab-cta-text ab-font-size-32\" style=\"color:#ffffff\"><p>Kaipaako j\u00e4rjest\u00f6si ohjeistusta? J\u00e4rjest\u00f6ops auttaa!<\/p><\/div><\/div><div class=\"ab-cta-button\"><a href=\"https:\/\/lyy.iwn.co\/en\/association-work\/a-guide-for-associations\/\" target=\"_self\" rel=\"noopener noreferrer\" class=\"ab-button ab-button-shape-rounded ab-button-size-medium\" style=\"color:#000000;background-color:#ffffff\">Open the guide<\/a><\/div><\/div>\n","protected":false},"excerpt":{"rendered":"<p>Guess what enriches the student life? Association work! Student Union of the University of Lapland cooperates with a bunch of associations representing for instance a major subject, a political ideology or a free time activity. Which associations do you like? You can get to know the associations from the section called \u201dAssociations\u201d. LYY supports association &#8230; <a title=\"Associations\" class=\"read-more\" href=\"https:\/\/lyy.iwn.co\/en\/association-work\/\" aria-label=\"Read more about Associations\">Read more<\/a><\/p>\n","protected":false},"author":1,"featured_media":2201,"parent":0,"menu_order":0,"comment_status":"closed","ping_status":"closed","template":"","meta":{"_acf_changed":false,"_uag_custom_page_level_css":"","_price":"","_stock":"","_tribe_ticket_header":"","_tribe_default_ticket_provider":"","_tribe_ticket_capacity":"0","_ticket_start_date":"","_ticket_end_date":"","_tribe_ticket_show_description":"","_tribe_ticket_show_not_going":false,"_tribe_ticket_use_global_stock":"","_tribe_ticket_global_stock_level":"","_global_stock_mode":"","_global_stock_cap":"","_tribe_rsvp_for_event":"","_tribe_ticket_going_count":"","_tribe_ticket_not_going_count":"","_tribe_tickets_list":"[]","_tribe_ticket_has_attendee_info_fields":false,"_EventAllDay":false,"_EventTimezone":"","_EventStartDate":"","_EventEndDate":"","_EventStartDateUTC":"","_EventEndDateUTC":"","_EventShowMap":false,"_EventShowMapLink":false,"_EventURL":"","_EventCost":"","_EventCostDescription":"","_EventCurrencySymbol":"","_EventCurrencyCode":"","_EventCurrencyPosition":"","_EventDateTimeSeparator":"","_EventTimeRangeSeparator":"","_EventOrganizerID":[],"_EventVenueID":[],"_OrganizerEmail":"","_OrganizerPhone":"","_OrganizerWebsite":"","_VenueAddress":"","_VenueCity":"","_VenueCountry":"","_VenueProvince":"","_VenueState":"","_VenueZip":"","_VenuePhone":"","_VenueURL":"","_VenueStateProvince":"","_VenueLat":"","_VenueLng":"","_VenueShowMap":false,"_VenueShowMapLink":false,"_tribe_blocks_recurrence_rules":"","_tribe_blocks_recurrence_description":"","_tribe_blocks_recurrence_exclusions":"","footnotes":"","_tec_slr_enabled":"","_tec_slr_layout":""},"class_list":["post-2198","page","type-page","status-publish","has-post-thumbnail"],"acf":[],"yoast_head":"<!-- This site is optimized with the Yoast SEO plugin v27.4 - https:\/\/yoast.com\/product\/yoast-seo-wordpress\/ -->\n<title>Associations - LYY<\/title>\n<meta name=\"robots\" content=\"noindex, follow, max-snippet:-1, max-image-preview:large, max-video-preview:-1\" \/>\n<meta property=\"og:locale\" content=\"en_US\" \/>\n<meta property=\"og:type\" content=\"article\" \/>\n<meta property=\"og:title\" content=\"Associations - LYY\" \/>\n<meta property=\"og:description\" content=\"Guess what enriches the student life? Association work! Student Union of the University of Lapland cooperates with a bunch of associations representing for instance a major subject, a political ideology or a free time activity. Which associations do you like? You can get to know the associations from the section called \u201dAssociations\u201d. LYY supports association ... Read more\" \/>\n<meta property=\"og:url\" content=\"https:\/\/lyy.iwn.co\/en\/association-work\/\" \/>\n<meta property=\"og:site_name\" content=\"LYY\" \/>\n<meta property=\"article:publisher\" content=\"https:\/\/www.facebook.com\/lapinyliopistonylioppilaskunta\" \/>\n<meta property=\"article:modified_time\" content=\"2021-05-27T07:56:01+00:00\" \/>\n<meta property=\"og:image\" content=\"https:\/\/lyy.iwn.co\/wp-content\/uploads\/2019\/08\/Jarjestolle.jpg\" \/>\n\t<meta property=\"og:image:width\" content=\"1140\" \/>\n\t<meta property=\"og:image:height\" content=\"250\" \/>\n\t<meta property=\"og:image:type\" content=\"image\/jpeg\" \/>\n<meta name=\"twitter:card\" content=\"summary_large_image\" \/>\n<meta name=\"twitter:site\" content=\"@lyytweet\" \/>\n<meta name=\"twitter:label1\" content=\"Est. reading time\" \/>\n\t<meta name=\"twitter:data1\" content=\"2 minutes\" \/>\n<script type=\"application\/ld+json\" class=\"yoast-schema-graph\">{\"@context\":\"https:\\\/\\\/schema.org\",\"@graph\":[{\"@type\":\"WebPage\",\"@id\":\"https:\\\/\\\/lyy.iwn.co\\\/en\\\/association-work\\\/\",\"url\":\"https:\\\/\\\/lyy.iwn.co\\\/en\\\/association-work\\\/\",\"name\":\"Associations - LYY\",\"isPartOf\":{\"@id\":\"https:\\\/\\\/lyy.iwn.co\\\/#website\"},\"primaryImageOfPage\":{\"@id\":\"https:\\\/\\\/lyy.iwn.co\\\/en\\\/association-work\\\/#primaryimage\"},\"image\":{\"@id\":\"https:\\\/\\\/lyy.iwn.co\\\/en\\\/association-work\\\/#primaryimage\"},\"thumbnailUrl\":\"https:\\\/\\\/lyy.iwn.co\\\/wp-content\\\/uploads\\\/2019\\\/08\\\/Jarjestolle.jpg\",\"datePublished\":\"2019-08-06T09:38:09+00:00\",\"dateModified\":\"2021-05-27T07:56:01+00:00\",\"breadcrumb\":{\"@id\":\"https:\\\/\\\/lyy.iwn.co\\\/en\\\/association-work\\\/#breadcrumb\"},\"inLanguage\":\"en-US\",\"potentialAction\":[{\"@type\":\"ReadAction\",\"target\":[\"https:\\\/\\\/lyy.iwn.co\\\/en\\\/association-work\\\/\"]}]},{\"@type\":\"ImageObject\",\"inLanguage\":\"en-US\",\"@id\":\"https:\\\/\\\/lyy.iwn.co\\\/en\\\/association-work\\\/#primaryimage\",\"url\":\"https:\\\/\\\/lyy.iwn.co\\\/wp-content\\\/uploads\\\/2019\\\/08\\\/Jarjestolle.jpg\",\"contentUrl\":\"https:\\\/\\\/lyy.iwn.co\\\/wp-content\\\/uploads\\\/2019\\\/08\\\/Jarjestolle.jpg\",\"width\":1140,\"height\":250},{\"@type\":\"BreadcrumbList\",\"@id\":\"https:\\\/\\\/lyy.iwn.co\\\/en\\\/association-work\\\/#breadcrumb\",\"itemListElement\":[{\"@type\":\"ListItem\",\"position\":1,\"name\":\"Home\",\"item\":\"https:\\\/\\\/lyy.iwn.co\\\/en\\\/\"},{\"@type\":\"ListItem\",\"position\":2,\"name\":\"Associations\"}]},{\"@type\":\"WebSite\",\"@id\":\"https:\\\/\\\/lyy.iwn.co\\\/#website\",\"url\":\"https:\\\/\\\/lyy.iwn.co\\\/\",\"name\":\"LYY\",\"description\":\"Lapin yliopiston ylioppilaskunta\",\"publisher\":{\"@id\":\"https:\\\/\\\/lyy.iwn.co\\\/#organization\"},\"potentialAction\":[{\"@type\":\"SearchAction\",\"target\":{\"@type\":\"EntryPoint\",\"urlTemplate\":\"https:\\\/\\\/lyy.iwn.co\\\/?s={search_term_string}\"},\"query-input\":{\"@type\":\"PropertyValueSpecification\",\"valueRequired\":true,\"valueName\":\"search_term_string\"}}],\"inLanguage\":\"en-US\"},{\"@type\":\"Organization\",\"@id\":\"https:\\\/\\\/lyy.iwn.co\\\/#organization\",\"name\":\"LYY\",\"url\":\"https:\\\/\\\/lyy.iwn.co\\\/\",\"logo\":{\"@type\":\"ImageObject\",\"inLanguage\":\"en-US\",\"@id\":\"https:\\\/\\\/lyy.iwn.co\\\/#\\\/schema\\\/logo\\\/image\\\/\",\"url\":\"https:\\\/\\\/lyy.iwn.co\\\/wp-content\\\/uploads\\\/2025\\\/03\\\/LYY_logo_nelio.jpg\",\"contentUrl\":\"https:\\\/\\\/lyy.iwn.co\\\/wp-content\\\/uploads\\\/2025\\\/03\\\/LYY_logo_nelio.jpg\",\"width\":225,\"height\":204,\"caption\":\"LYY\"},\"image\":{\"@id\":\"https:\\\/\\\/lyy.iwn.co\\\/#\\\/schema\\\/logo\\\/image\\\/\"},\"sameAs\":[\"https:\\\/\\\/www.facebook.com\\\/lapinyliopistonylioppilaskunta\",\"https:\\\/\\\/x.com\\\/lyytweet\",\"https:\\\/\\\/www.instagram.com\\\/lyygram\\\/\"]}]}<\/script>\n<!-- \/ Yoast SEO plugin. -->","yoast_head_json":{"title":"Associations - LYY","robots":{"index":"noindex","follow":"follow","max-snippet":"max-snippet:-1","max-image-preview":"max-image-preview:large","max-video-preview":"max-video-preview:-1"},"og_locale":"en_US","og_type":"article","og_title":"Associations - LYY","og_description":"Guess what enriches the student life? Association work! Student Union of the University of Lapland cooperates with a bunch of associations representing for instance a major subject, a political ideology or a free time activity. Which associations do you like? You can get to know the associations from the section called \u201dAssociations\u201d. LYY supports association ... Read more","og_url":"https:\/\/lyy.iwn.co\/en\/association-work\/","og_site_name":"LYY","article_publisher":"https:\/\/www.facebook.com\/lapinyliopistonylioppilaskunta","article_modified_time":"2021-05-27T07:56:01+00:00","og_image":[{"width":1140,"height":250,"url":"https:\/\/lyy.iwn.co\/wp-content\/uploads\/2019\/08\/Jarjestolle.jpg","type":"image\/jpeg"}],"twitter_card":"summary_large_image","twitter_site":"@lyytweet","twitter_misc":{"Est. reading time":"2 minutes"},"schema":{"@context":"https:\/\/schema.org","@graph":[{"@type":"WebPage","@id":"https:\/\/lyy.iwn.co\/en\/association-work\/","url":"https:\/\/lyy.iwn.co\/en\/association-work\/","name":"Associations - LYY","isPartOf":{"@id":"https:\/\/lyy.iwn.co\/#website"},"primaryImageOfPage":{"@id":"https:\/\/lyy.iwn.co\/en\/association-work\/#primaryimage"},"image":{"@id":"https:\/\/lyy.iwn.co\/en\/association-work\/#primaryimage"},"thumbnailUrl":"https:\/\/lyy.iwn.co\/wp-content\/uploads\/2019\/08\/Jarjestolle.jpg","datePublished":"2019-08-06T09:38:09+00:00","dateModified":"2021-05-27T07:56:01+00:00","breadcrumb":{"@id":"https:\/\/lyy.iwn.co\/en\/association-work\/#breadcrumb"},"inLanguage":"en-US","potentialAction":[{"@type":"ReadAction","target":["https:\/\/lyy.iwn.co\/en\/association-work\/"]}]},{"@type":"ImageObject","inLanguage":"en-US","@id":"https:\/\/lyy.iwn.co\/en\/association-work\/#primaryimage","url":"https:\/\/lyy.iwn.co\/wp-content\/uploads\/2019\/08\/Jarjestolle.jpg","contentUrl":"https:\/\/lyy.iwn.co\/wp-content\/uploads\/2019\/08\/Jarjestolle.jpg","width":1140,"height":250},{"@type":"BreadcrumbList","@id":"https:\/\/lyy.iwn.co\/en\/association-work\/#breadcrumb","itemListElement":[{"@type":"ListItem","position":1,"name":"Home","item":"https:\/\/lyy.iwn.co\/en\/"},{"@type":"ListItem","position":2,"name":"Associations"}]},{"@type":"WebSite","@id":"https:\/\/lyy.iwn.co\/#website","url":"https:\/\/lyy.iwn.co\/","name":"LYY","description":"Lapin yliopiston ylioppilaskunta","publisher":{"@id":"https:\/\/lyy.iwn.co\/#organization"},"potentialAction":[{"@type":"SearchAction","target":{"@type":"EntryPoint","urlTemplate":"https:\/\/lyy.iwn.co\/?s={search_term_string}"},"query-input":{"@type":"PropertyValueSpecification","valueRequired":true,"valueName":"search_term_string"}}],"inLanguage":"en-US"},{"@type":"Organization","@id":"https:\/\/lyy.iwn.co\/#organization","name":"LYY","url":"https:\/\/lyy.iwn.co\/","logo":{"@type":"ImageObject","inLanguage":"en-US","@id":"https:\/\/lyy.iwn.co\/#\/schema\/logo\/image\/","url":"https:\/\/lyy.iwn.co\/wp-content\/uploads\/2025\/03\/LYY_logo_nelio.jpg","contentUrl":"https:\/\/lyy.iwn.co\/wp-content\/uploads\/2025\/03\/LYY_logo_nelio.jpg","width":225,"height":204,"caption":"LYY"},"image":{"@id":"https:\/\/lyy.iwn.co\/#\/schema\/logo\/image\/"},"sameAs":["https:\/\/www.facebook.com\/lapinyliopistonylioppilaskunta","https:\/\/x.com\/lyytweet","https:\/\/www.instagram.com\/lyygram\/"]}]}},"uagb_featured_image_src":{"full":["https:\/\/lyy.iwn.co\/wp-content\/uploads\/2019\/08\/Jarjestolle.jpg",1140,250,false],"thumbnail":["https:\/\/lyy.iwn.co\/wp-content\/uploads\/2019\/08\/Jarjestolle-150x150.jpg",150,150,true],"medium":["https:\/\/lyy.iwn.co\/wp-content\/uploads\/2019\/08\/Jarjestolle-300x66.jpg",300,66,true],"medium_large":["https:\/\/lyy.iwn.co\/wp-content\/uploads\/2019\/08\/Jarjestolle-768x168.jpg",768,168,true],"large":["https:\/\/lyy.iwn.co\/wp-content\/uploads\/2019\/08\/Jarjestolle-1024x225.jpg",1024,225,true],"1536x1536":["https:\/\/lyy.iwn.co\/wp-content\/uploads\/2019\/08\/Jarjestolle.jpg",1140,250,false],"2048x2048":["https:\/\/lyy.iwn.co\/wp-content\/uploads\/2019\/08\/Jarjestolle.jpg",1140,250,false],"gform-image-choice-sm":["https:\/\/lyy.iwn.co\/wp-content\/uploads\/2019\/08\/Jarjestolle.jpg",300,66,false],"gform-image-choice-md":["https:\/\/lyy.iwn.co\/wp-content\/uploads\/2019\/08\/Jarjestolle.jpg",400,88,false],"gform-image-choice-lg":["https:\/\/lyy.iwn.co\/wp-content\/uploads\/2019\/08\/Jarjestolle.jpg",600,132,false]},"uagb_author_info":{"display_name":"Sollertis","author_link":"https:\/\/lyy.iwn.co\/en\/author\/sollertis\/"},"uagb_comment_info":0,"uagb_excerpt":"Guess what enriches the student life? Association work! Student Union of the University of Lapland cooperates with a bunch of associations representing for instance a major subject, a political ideology or a free time activity. Which associations do you like? You can get to know the associations from the section called \u201dAssociations\u201d. LYY supports association&hellip;","ticketed":false,"_links":{"self":[{"href":"https:\/\/lyy.iwn.co\/en\/wp-json\/wp\/v2\/pages\/2198","targetHints":{"allow":["GET"]}}],"collection":[{"href":"https:\/\/lyy.iwn.co\/en\/wp-json\/wp\/v2\/pages"}],"about":[{"href":"https:\/\/lyy.iwn.co\/en\/wp-json\/wp\/v2\/types\/page"}],"author":[{"embeddable":true,"href":"https:\/\/lyy.iwn.co\/en\/wp-json\/wp\/v2\/users\/1"}],"replies":[{"embeddable":true,"href":"https:\/\/lyy.iwn.co\/en\/wp-json\/wp\/v2\/comments?post=2198"}],"version-history":[{"count":10,"href":"https:\/\/lyy.iwn.co\/en\/wp-json\/wp\/v2\/pages\/2198\/revisions"}],"predecessor-version":[{"id":8540,"href":"https:\/\/lyy.iwn.co\/en\/wp-json\/wp\/v2\/pages\/2198\/revisions\/8540"}],"wp:featuredmedia":[{"embeddable":true,"href":"https:\/\/lyy.iwn.co\/en\/wp-json\/wp\/v2\/media\/2201"}],"wp:attachment":[{"href":"https:\/\/lyy.iwn.co\/en\/wp-json\/wp\/v2\/media?parent=2198"}],"curies":[{"name":"wp","href":"https:\/\/api.w.org\/{rel}","templated":true}]}}