{"id":2510,"date":"2019-08-21T09:23:20","date_gmt":"2019-08-21T06:23:20","guid":{"rendered":"https:\/\/lyy.fi\/?page_id=2510"},"modified":"2025-03-31T12:58:45","modified_gmt":"2025-03-31T09:58:45","slug":"home","status":"publish","type":"page","link":"https:\/\/lyy.iwn.co\/en\/","title":{"rendered":"Home"},"content":{"rendered":"\n<section id=\"g-0nsoadq\" class=\"wp-block-gutentor-m3 alignfull section-g-0nsoadq gutentor-module gutentor-container-cover\"><div class=\"grid-container gutentor-rm-ct-space-d gutentor-rm-ct-space-t gutentor-rm-ct-space\">\n<\/div><\/section>\n\n\n\n<section id=\"g-p31ng1v\" class=\"wp-block-gutentor-m3 alignfull section-g-p31ng1v gutentor-module gutentor-container-cover has-color-bg has-custom-bg\"><div class=\"grid-container\">\n<section id=\"g-s3sxx8x\" class=\"wp-block-gutentor-m4 section-g-s3sxx8x gutentor-module gutentor-advanced-columns\"><div class=\"grid-container\"><div class=\"grid-row\">\n<div id=\"col-g-p1lfxp0\" class=\"wp-block-gutentor-m4-col col-g-p1lfxp0 gutentor-single-column  grid-lg-2 grid-md-12 grid-12\"><div id=\"section-g-p1lfxp0\" class=\"section-g-p1lfxp0 gutentor-col-wrap\"><\/div><\/div>\n\n\n\n<div id=\"col-g-9umlll3\" class=\"wp-block-gutentor-m4-col col-g-9umlll3 gutentor-single-column  grid-lg-8 grid-md-12 grid-12\"><div id=\"section-g-9umlll3\" class=\"section-g-9umlll3 gutentor-col-wrap has-color-bg has-custom-bg\">\n<div class=\"wp-block-uagb-separator uagb-block-acee6a9b\"><div class=\"wp-block-uagb-separator__inner\" style=\"--my-background-image:\"><\/div><\/div>\n\n\n\n<div id=\"section-g-3ftdq7t\" class=\"wp-block-gutentor-e1 section-g-3ftdq7t gutentor-element gutentor-element-advanced-text text-align-center-desktop text-align-center-mobile\"><div class=\"gutentor-text-wrap\"><h2 class=\"gutentor-text\">TERVETULOA!<\/h2><\/div><\/div>\n\n\n\n<div id=\"section-g-ut73pft\" class=\"wp-block-gutentor-e0 section-g-ut73pft gutentor-element gutentor-element-advanced-text text-align-center-mobile\"><div class=\"gutentor-text-wrap\"><p class=\"gutentor-text\">Tervetuloa Lapin yliopiston ylioppilaskunnan (LYY) sivuille! Olemme noin 4000 Lapin yliopiston opiskelijan edunvalvonta- ja palveluorganisaatio ja tarjoamme j\u00e4senillemme monenlaisia j\u00e4senpalveluita, tapahtumia sek\u00e4 neuvontaa opintojen ja arkiel\u00e4m\u00e4n haasteisiin.<br><br>N\u00e4ilt\u00e4 sivuilta l\u00f6yd\u00e4t lis\u00e4tietoa LYYn toiminnasta, tarjoamistamme eduista sek\u00e4 muista ajankohtaisista opiskelijoita koskevista asioista. Me olemme t\u00e4\u00e4ll\u00e4 sinua varten!<\/p><\/div><\/div>\n\n\n\n<div class=\"wp-block-uagb-separator uagb-block-1bdf0bc3\"><div class=\"wp-block-uagb-separator__inner\" style=\"--my-background-image:\"><\/div><\/div>\n<\/div><\/div>\n\n\n\n<div id=\"col-g-ysu2p28\" class=\"wp-block-gutentor-m4-col col-g-ysu2p28 gutentor-single-column  grid-lg-2 grid-md-12 grid-12\"><div id=\"section-g-ysu2p28\" class=\"section-g-ysu2p28 gutentor-col-wrap\"><\/div><\/div>\n<\/div><\/div><\/section>\n<\/div><\/section>\n","protected":false},"excerpt":{"rendered":"","protected":false},"author":1,"featured_media":0,"parent":0,"menu_order":0,"comment_status":"closed","ping_status":"closed","template":"","meta":{"_acf_changed":false,"_uag_custom_page_level_css":"","_price":"","_stock":"","_tribe_ticket_header":"","_tribe_default_ticket_provider":"","_tribe_ticket_capacity":"0","_ticket_start_date":"","_ticket_end_date":"","_tribe_ticket_show_description":"","_tribe_ticket_show_not_going":false,"_tribe_ticket_use_global_stock":"","_tribe_ticket_global_stock_level":"","_global_stock_mode":"","_global_stock_cap":"","_tribe_rsvp_for_event":"","_tribe_ticket_going_count":"","_tribe_ticket_not_going_count":"","_tribe_tickets_list":"[]","_tribe_ticket_has_attendee_info_fields":false,"_EventAllDay":false,"_EventTimezone":"","_EventStartDate":"","_EventEndDate":"","_EventStartDateUTC":"","_EventEndDateUTC":"","_EventShowMap":false,"_EventShowMapLink":false,"_EventURL":"","_EventCost":"","_EventCostDescription":"","_EventCurrencySymbol":"","_EventCurrencyCode":"","_EventCurrencyPosition":"","_EventDateTimeSeparator":"","_EventTimeRangeSeparator":"","_EventOrganizerID":[],"_EventVenueID":[],"_OrganizerEmail":"","_OrganizerPhone":"","_OrganizerWebsite":"","_VenueAddress":"","_VenueCity":"","_VenueCountry":"","_VenueProvince":"","_VenueState":"","_VenueZip":"","_VenuePhone":"","_VenueURL":"","_VenueStateProvince":"","_VenueLat":"","_VenueLng":"","_VenueShowMap":false,"_VenueShowMapLink":false,"_tribe_blocks_recurrence_rules":"","_tribe_blocks_recurrence_description":"","_tribe_blocks_recurrence_exclusions":"","footnotes":"","_tec_slr_enabled":"","_tec_slr_layout":""},"class_list":["post-2510","page","type-page","status-publish"],"acf":[],"yoast_head":"<!-- This site is optimized with the Yoast SEO plugin v27.4 - https:\/\/yoast.com\/product\/yoast-seo-wordpress\/ -->\n<title>Home - LYY<\/title>\n<meta name=\"robots\" content=\"noindex, follow, max-snippet:-1, max-image-preview:large, max-video-preview:-1\" \/>\n<meta property=\"og:locale\" content=\"en_US\" \/>\n<meta property=\"og:type\" content=\"article\" \/>\n<meta property=\"og:title\" content=\"Home - LYY\" \/>\n<meta property=\"og:url\" content=\"https:\/\/lyy.iwn.co\/en\/\" \/>\n<meta property=\"og:site_name\" content=\"LYY\" \/>\n<meta property=\"article:publisher\" content=\"https:\/\/www.facebook.com\/lapinyliopistonylioppilaskunta\" \/>\n<meta property=\"article:modified_time\" content=\"2025-03-31T09:58:45+00:00\" \/>\n<meta name=\"twitter:card\" content=\"summary_large_image\" \/>\n<meta name=\"twitter:site\" content=\"@lyytweet\" \/>\n<meta name=\"twitter:label1\" content=\"Est. reading time\" \/>\n\t<meta name=\"twitter:data1\" content=\"1 minute\" \/>\n<script type=\"application\/ld+json\" class=\"yoast-schema-graph\">{\"@context\":\"https:\\\/\\\/schema.org\",\"@graph\":[{\"@type\":\"WebPage\",\"@id\":\"https:\\\/\\\/lyy.iwn.co\\\/en\\\/\",\"url\":\"https:\\\/\\\/lyy.iwn.co\\\/en\\\/\",\"name\":\"Home - LYY\",\"isPartOf\":{\"@id\":\"https:\\\/\\\/lyy.iwn.co\\\/#website\"},\"datePublished\":\"2019-08-21T06:23:20+00:00\",\"dateModified\":\"2025-03-31T09:58:45+00:00\",\"breadcrumb\":{\"@id\":\"https:\\\/\\\/lyy.iwn.co\\\/en\\\/#breadcrumb\"},\"inLanguage\":\"en-US\",\"potentialAction\":[{\"@type\":\"ReadAction\",\"target\":[\"https:\\\/\\\/lyy.iwn.co\\\/en\\\/\"]}]},{\"@type\":\"BreadcrumbList\",\"@id\":\"https:\\\/\\\/lyy.iwn.co\\\/en\\\/#breadcrumb\",\"itemListElement\":[{\"@type\":\"ListItem\",\"position\":1,\"name\":\"Home\",\"item\":\"https:\\\/\\\/lyy.iwn.co\\\/en\\\/\"},{\"@type\":\"ListItem\",\"position\":2,\"name\":\"Home\"}]},{\"@type\":\"WebSite\",\"@id\":\"https:\\\/\\\/lyy.iwn.co\\\/#website\",\"url\":\"https:\\\/\\\/lyy.iwn.co\\\/\",\"name\":\"LYY\",\"description\":\"Lapin yliopiston ylioppilaskunta\",\"publisher\":{\"@id\":\"https:\\\/\\\/lyy.iwn.co\\\/#organization\"},\"potentialAction\":[{\"@type\":\"SearchAction\",\"target\":{\"@type\":\"EntryPoint\",\"urlTemplate\":\"https:\\\/\\\/lyy.iwn.co\\\/?s={search_term_string}\"},\"query-input\":{\"@type\":\"PropertyValueSpecification\",\"valueRequired\":true,\"valueName\":\"search_term_string\"}}],\"inLanguage\":\"en-US\"},{\"@type\":\"Organization\",\"@id\":\"https:\\\/\\\/lyy.iwn.co\\\/#organization\",\"name\":\"LYY\",\"url\":\"https:\\\/\\\/lyy.iwn.co\\\/\",\"logo\":{\"@type\":\"ImageObject\",\"inLanguage\":\"en-US\",\"@id\":\"https:\\\/\\\/lyy.iwn.co\\\/#\\\/schema\\\/logo\\\/image\\\/\",\"url\":\"https:\\\/\\\/lyy.iwn.co\\\/wp-content\\\/uploads\\\/2025\\\/03\\\/LYY_logo_nelio.jpg\",\"contentUrl\":\"https:\\\/\\\/lyy.iwn.co\\\/wp-content\\\/uploads\\\/2025\\\/03\\\/LYY_logo_nelio.jpg\",\"width\":225,\"height\":204,\"caption\":\"LYY\"},\"image\":{\"@id\":\"https:\\\/\\\/lyy.iwn.co\\\/#\\\/schema\\\/logo\\\/image\\\/\"},\"sameAs\":[\"https:\\\/\\\/www.facebook.com\\\/lapinyliopistonylioppilaskunta\",\"https:\\\/\\\/x.com\\\/lyytweet\",\"https:\\\/\\\/www.instagram.com\\\/lyygram\\\/\"]}]}<\/script>\n<!-- \/ Yoast SEO plugin. -->","yoast_head_json":{"title":"Home - LYY","robots":{"index":"noindex","follow":"follow","max-snippet":"max-snippet:-1","max-image-preview":"max-image-preview:large","max-video-preview":"max-video-preview:-1"},"og_locale":"en_US","og_type":"article","og_title":"Home - LYY","og_url":"https:\/\/lyy.iwn.co\/en\/","og_site_name":"LYY","article_publisher":"https:\/\/www.facebook.com\/lapinyliopistonylioppilaskunta","article_modified_time":"2025-03-31T09:58:45+00:00","twitter_card":"summary_large_image","twitter_site":"@lyytweet","twitter_misc":{"Est. reading time":"1 minute"},"schema":{"@context":"https:\/\/schema.org","@graph":[{"@type":"WebPage","@id":"https:\/\/lyy.iwn.co\/en\/","url":"https:\/\/lyy.iwn.co\/en\/","name":"Home - LYY","isPartOf":{"@id":"https:\/\/lyy.iwn.co\/#website"},"datePublished":"2019-08-21T06:23:20+00:00","dateModified":"2025-03-31T09:58:45+00:00","breadcrumb":{"@id":"https:\/\/lyy.iwn.co\/en\/#breadcrumb"},"inLanguage":"en-US","potentialAction":[{"@type":"ReadAction","target":["https:\/\/lyy.iwn.co\/en\/"]}]},{"@type":"BreadcrumbList","@id":"https:\/\/lyy.iwn.co\/en\/#breadcrumb","itemListElement":[{"@type":"ListItem","position":1,"name":"Home","item":"https:\/\/lyy.iwn.co\/en\/"},{"@type":"ListItem","position":2,"name":"Home"}]},{"@type":"WebSite","@id":"https:\/\/lyy.iwn.co\/#website","url":"https:\/\/lyy.iwn.co\/","name":"LYY","description":"Lapin yliopiston ylioppilaskunta","publisher":{"@id":"https:\/\/lyy.iwn.co\/#organization"},"potentialAction":[{"@type":"SearchAction","target":{"@type":"EntryPoint","urlTemplate":"https:\/\/lyy.iwn.co\/?s={search_term_string}"},"query-input":{"@type":"PropertyValueSpecification","valueRequired":true,"valueName":"search_term_string"}}],"inLanguage":"en-US"},{"@type":"Organization","@id":"https:\/\/lyy.iwn.co\/#organization","name":"LYY","url":"https:\/\/lyy.iwn.co\/","logo":{"@type":"ImageObject","inLanguage":"en-US","@id":"https:\/\/lyy.iwn.co\/#\/schema\/logo\/image\/","url":"https:\/\/lyy.iwn.co\/wp-content\/uploads\/2025\/03\/LYY_logo_nelio.jpg","contentUrl":"https:\/\/lyy.iwn.co\/wp-content\/uploads\/2025\/03\/LYY_logo_nelio.jpg","width":225,"height":204,"caption":"LYY"},"image":{"@id":"https:\/\/lyy.iwn.co\/#\/schema\/logo\/image\/"},"sameAs":["https:\/\/www.facebook.com\/lapinyliopistonylioppilaskunta","https:\/\/x.com\/lyytweet","https:\/\/www.instagram.com\/lyygram\/"]}]}},"uagb_featured_image_src":{"full":false,"thumbnail":false,"medium":false,"medium_large":false,"large":false,"1536x1536":false,"2048x2048":false,"gform-image-choice-sm":false,"gform-image-choice-md":false,"gform-image-choice-lg":false},"uagb_author_info":{"display_name":"Sollertis","author_link":"https:\/\/lyy.iwn.co\/en\/author\/sollertis\/"},"uagb_comment_info":0,"uagb_excerpt":null,"ticketed":false,"_links":{"self":[{"href":"https:\/\/lyy.iwn.co\/en\/wp-json\/wp\/v2\/pages\/2510","targetHints":{"allow":["GET"]}}],"collection":[{"href":"https:\/\/lyy.iwn.co\/en\/wp-json\/wp\/v2\/pages"}],"about":[{"href":"https:\/\/lyy.iwn.co\/en\/wp-json\/wp\/v2\/types\/page"}],"author":[{"embeddable":true,"href":"https:\/\/lyy.iwn.co\/en\/wp-json\/wp\/v2\/users\/1"}],"replies":[{"embeddable":true,"href":"https:\/\/lyy.iwn.co\/en\/wp-json\/wp\/v2\/comments?post=2510"}],"version-history":[{"count":9,"href":"https:\/\/lyy.iwn.co\/en\/wp-json\/wp\/v2\/pages\/2510\/revisions"}],"predecessor-version":[{"id":24180,"href":"https:\/\/lyy.iwn.co\/en\/wp-json\/wp\/v2\/pages\/2510\/revisions\/24180"}],"wp:attachment":[{"href":"https:\/\/lyy.iwn.co\/en\/wp-json\/wp\/v2\/media?parent=2510"}],"curies":[{"name":"wp","href":"https:\/\/api.w.org\/{rel}","templated":true}]}}